{"id":5591,"date":"2022-05-13T16:35:59","date_gmt":"2022-05-13T14:35:59","guid":{"rendered":"https:\/\/www.amgm43.com\/legal-information\/"},"modified":"2022-07-08T13:24:54","modified_gmt":"2022-07-08T11:24:54","slug":"legal-mentions","status":"publish","type":"page","link":"https:\/\/www.amgm43.com\/en\/legal-mentions\/","title":{"rendered":"Legal information"},"content":{"rendered":"<h2><span id=\"lwptoc20\">1 &#8211; Editing the site<\/span><\/h2>\n<p>In accordance with <a href=\"https:\/\/www.legifrance.gouv.fr\/affichTexte.do?cidTexte=JORFTEXT000000801164#LEGIARTI000042038977\" target=\"_blank\" rel=\"noreferrer noopener\">article 6 of the law n\u00b0 2004-575 of June 21, 2004<\/a> for the confidence in the digital economy, it is specified to the users of the website <strong><br \/>\n  <span class=\"ff_dynamic_value\" data-ref=\"url\" data-fallback=\"\">http:\/\/www.amgm43.com\/<\/span><br \/>\n<\/strong> the identity of the various participants in its realization and its follow-up:<\/p>\n<p><strong>Owner of the site : <\/strong><span class=\"ff_dynamic_value\" data-ref=\"nom_proprietaire\" data-fallback=\"\">Yvan ROBIN, president of the company ATELIER DE MECANIQUE GENERALE DU MAZET<\/span> &#8211; Contact : <span class=\"ff_dynamic_value\" data-ref=\"e_mail_contact\" data-fallback=\"\">contact@amgm43.com<\/span> <span class=\"ff_dynamic_value\" data-ref=\"telephone\" data-fallback=\"\">+33 4 71 65 00 73 &#8211; <\/span> Address : <span class=\"ff_dynamic_value\" data-ref=\"adresse_postale\" data-fallback=\"\">30 route de la Bourlaratte, ZA la Bourlaratte, 43200 SAINT-JEURES<\/span>.<\/p>\n<p><strong>Company identification :<\/strong> <span class=\"ff_dynamic_value\" data-ref=\"forme_juridique\" data-fallback=\"\">SAS<\/span> <span class=\"ff_dynamic_value\" data-ref=\"nom_proprietaire\" data-fallback=\"\">Yvan ROBIN, president of the company ATELIER DE MECANIQUE GENERALE DU MAZET<\/span> with a capital of \u20ac &#8211; SIREN :  <span class=\"ff_dynamic_value\" data-ref=\"siren\" data-fallback=\"\">313221392<\/span> &#8211; RCS or RM :  <span class=\"ff_dynamic_value\" data-ref=\"rcs\" data-fallback=\"\">Le Puy B 313 221 392<\/span> &#8211; Postal address :  <span class=\"ff_dynamic_value\" data-ref=\"adresse_postale\" data-fallback=\"\">30 route de la Bourlaratte, ZA la Bourlaratte, 43200 SAINT-JEURES<\/span> &#8211;  <a href=\"https:\/\/amgm43.com\/CGV-AMGM.pdf\">https:\/\/amgm43.com\/CGV-AMGM.pdf<\/a><\/p>\n<p><strong>Director of the publication : <\/strong><span class=\"ff_dynamic_value\" data-ref=\"directeur_publication\" data-fallback=\"\">Yvan ROBIN<\/span> &#8211; Contact : <span class=\"ff_dynamic_value\" data-ref=\"contact_directeur\" data-fallback=\"\">contact@amgm43.com . <\/span><\/p>\n<p><strong>Host:<\/strong> <span class=\"ff_dynamic_value\" data-ref=\"hebergeur\" data-fallback=\"\">OVH SAS &#8211; 2 rue Kellermann &#8211; BP 80157 &#8211; 59053 Roubaix Cedex 1 &#8211; Telephone: 1007<\/span><\/p>\n<p><strong>Data Protection Officer: <\/strong><span class=\"ff_dynamic_value\" data-ref=\"dpo\" data-fallback=\"\">Yvan Robin<\/span> &#8211; <span class=\"ff_dynamic_value\" data-ref=\"contact_dpo\" data-fallback=\"\">contact@amgm43.com<\/span><\/p>\n<p><strong>Other contributors :<\/strong> <span class=\"ff_dynamic_value\" data-ref=\"autres_contributeurs\" data-fallback=\"\">Photo credits: Aurore BADIER <a href=\"https:\/\/www.aurorebadierphoto.com\/\" target=\"_blank\" rel=\"noopener\">https:\/\/www.aurorebadierphoto.com\/<\/a><\/span><\/p>\n<hr class=\"wp-block-separator\">\n<h2><\/h2>\n<h2><span id=\"lwptoc21\">2 &#8211; Intellectual property and counterfeiting.<\/span><\/h2>\n<p><strong><br \/>\n  <span class=\"ff_dynamic_value\" data-ref=\"nom_proprietaire\" data-fallback=\"\">Yvan ROBIN, president of the company ATELIER DE MECANIQUE GENERALE DU MAZET<\/span><br \/>\n<\/strong> is the owner of the intellectual property rights and holds the rights of use on all the elements accessible on the Internet site, in particular the texts, images, graphics, logos, videos, architecture, icons and sounds.<\/p>\n<p>Any reproduction, representation, modification, publication, adaptation of all or part of the elements of the site, whatever the means or the process used, is prohibited, except prior written authorization of <strong><br \/>\n  <span class=\"ff_dynamic_value\" data-ref=\"nom_proprietaire\" data-fallback=\"\">Yvan ROBIN, president of the company ATELIER DE MECANIQUE GENERALE DU MAZET<\/span><br \/>\n<\/strong>.<\/p>\n<p>Any unauthorized exploitation of the site or of any of the elements it contains will be considered as constituting an infringement and will be prosecuted in accordance with the provisions of articles <a href=\"https:\/\/www.legifrance.gouv.fr\/affichCodeArticle.do?idArticle=LEGIARTI000032655082&amp;cidTexte=LEGITEXT000006069414&amp;dateTexte=20160605\" target=\"_blank\" rel=\"noreferrer nofollow noopener\">L.335-2 and following of the Intellectual Property Code<\/a>.<\/p>\n<hr class=\"wp-block-separator\">\n<h2><\/h2>\n<h2><span id=\"lwptoc22\">3 &#8211; Limitations of liability.<\/span><\/h2>\n<p><strong><br \/>\n  <span class=\"ff_dynamic_value\" data-ref=\"nom_proprietaire\" data-fallback=\"\">Yvan ROBIN, president of the company ATELIER DE MECANIQUE GENERALE DU MAZET<\/span><br \/>\n<\/strong> cannot be held responsible for direct and indirect damage caused to the user&#8217;s equipment, when accessing the site <strong><br \/>\n  <span class=\"ff_dynamic_value\" data-ref=\"url\" data-fallback=\"\">http:\/\/www.amgm43.com\/<\/span><br \/>\n<\/strong>. It declines any responsibility as for the use which could be made of information and contents present on <strong><br \/>\n  <span class=\"ff_dynamic_value\" data-ref=\"url\" data-fallback=\"\">http:\/\/www.amgm43.com\/<\/span><br \/>\n<\/strong>. Moreover, he commits himself to secure the site as well as possible <strong><br \/>\n  <span class=\"ff_dynamic_value\" data-ref=\"url\" data-fallback=\"\">http:\/\/www.amgm43.com\/<\/span><br \/>\n<\/strong>However, he cannot be held responsible if undesirable data are imported and installed on his site without his knowledge.<\/p>\n<p>Interactive spaces (contact or comments) are available to users. <strong><br \/>\n  <span class=\"ff_dynamic_value\" data-ref=\"nom_proprietaire\" data-fallback=\"\">Yvan ROBIN, <\/span><br \/>\n<\/strong> Yvan ROBIN reserves the right to remove, without notice, any content posted in this area that may violate applicable French law, in particular regulations concerning data protection.<\/p>\n<p>If necessary, <strong><br \/>\n  <span class=\"ff_dynamic_value\" data-ref=\"nom_proprietaire\" data-fallback=\"\">Yvan ROBIN,<\/span><br \/>\n<\/strong> also reserves the right to hold the user civilly and\/or criminally liable, particularly in the event of messages of a racist, insulting, defamatory or pornographic nature, whatever the medium used (text, photographs, etc.).<\/p>\n<hr class=\"wp-block-separator\">\n<h2><\/h2>\n<h2><span id=\"lwptoc23\">4 &#8211; CNIL and personal data management.<\/span><\/h2>\n<p>In accordance with the provisions of <a href=\"https:\/\/www.legifrance.gouv.fr\/affichTexte.do?cidTexte=JORFTEXT000000886460\" target=\"_blank\" rel=\"noreferrer nofollow noopener\">Law 78-17 of 6 January 1978 as amended<\/a>, the user of the site <strong><br \/>\n  <span class=\"ff_dynamic_value\" data-ref=\"url\" data-fallback=\"\">http:\/\/www.amgm43.com\/<\/span><br \/>\n<\/strong> has the right to access, modify and delete the information collected. To exercise this right, send a message to our Data Protection Officer: <strong><br \/>\n  <span class=\"ff_dynamic_value\" data-ref=\"dpo\" data-fallback=\"\">Yvan Robin<\/span><br \/>\n<\/strong> &#8211; <strong><br \/>\n  <span class=\"ff_dynamic_value\" data-ref=\"contact_dpo\" data-fallback=\"\">contact@amgm43.com<\/span><br \/>\n<\/strong>.<\/p>\n<p>For more information on how we process your data (type of data, purpose, recipient&#8230;), read our <strong><br \/>\n  <span class=\"ff_dynamic_value\" data-ref=\"politique_confidentialite\" data-fallback=\"\">https:\/\/amgm43.com\/politique-confidentialite\/<\/span><br \/>\n<\/strong>.<\/p>\n<hr class=\"wp-block-separator\">\n<h2><\/h2>\n<h2><span id=\"lwptoc24\">5 &#8211; Hypertext links and cookies<\/span><\/h2>\n<p>The site <strong><br \/>\n  <span class=\"ff_dynamic_value\" data-ref=\"url\" data-fallback=\"\">http:\/\/www.amgm43.com\/<\/span><br \/>\n<\/strong> contains hyperlinks to other sites and is not responsible for these external links or links created by other sites to <strong><br \/>\n  <span class=\"ff_dynamic_value\" data-ref=\"url\" data-fallback=\"\">http:\/\/www.amgm43.com\/<\/span><br \/>\n<\/strong>.<\/p>\n<p>Browsing on the site <strong><br \/>\n  <span class=\"ff_dynamic_value\" data-ref=\"url\" data-fallback=\"\">http:\/\/www.amgm43.com\/<\/span><br \/>\n<\/strong> is likely to cause the installation of cookie(s) on the user&#8217;s computer.<\/p>\n<p>A &#8220;cookie&#8221; is a small file that records information about a user&#8217;s navigation on a site. The data obtained in this way can be used to obtain measures of frequentation, for example.<\/p>\n<p>You have the ability to <strong>accept or decline cookies<\/strong> by changing your browser settings. No cookies will be placed without your consent.<\/p>\n<p>Cookies are stored for a maximum of <span class=\"ff_dynamic_value\" data-ref=\"cookies\" data-fallback=\"\">1<\/span> month.<\/p>\n<p>For more information on how we use cookies, read our <strong><br \/>\n  <span class=\"ff_dynamic_value\" data-ref=\"politique_confidentialite\" data-fallback=\"\">https:\/\/amgm43.com\/politique-confidentialite\/<\/span><br \/>\n<\/strong>.<\/p>\n<hr class=\"wp-block-separator\">\n<h2><\/h2>\n<h2><span id=\"lwptoc25\">6 &#8211; Applicable law and jurisdiction.<\/span><\/h2>\n<p>Any dispute in connection with the use of the site <strong><br \/>\n  <span class=\"ff_dynamic_value\" data-ref=\"url\" data-fallback=\"\">http:\/\/www.amgm43.com\/<\/span><br \/>\n<\/strong> is subject to French law. Except in cases where the law does not allow it, the competent courts of <strong><br \/>\n  <span class=\"ff_dynamic_value\" data-ref=\"ville_du_tribunal\" data-fallback=\"\">Le Puy-en-Velay<\/span><br \/>\n<\/strong>.<\/p>\n","protected":false},"excerpt":{"rendered":"<p>1 &#8211; Editing the site In accordance with article 6 of the law n\u00b0 2004-575 of June 21, 2004 for the confidence in the digital economy, it is specified to the users of the website http:\/\/www.amgm43.com\/ the identity of the various participants in its realization and its follow-up: Owner of the site : Yvan ROBIN, [&hellip;]<\/p>\n","protected":false},"author":1,"featured_media":0,"parent":0,"menu_order":0,"comment_status":"closed","ping_status":"closed","template":"","meta":{"footnotes":""},"class_list":["post-5591","page","type-page","status-publish","hentry"],"yoast_head":"<!-- This site is optimized with the Yoast SEO plugin v27.5 - https:\/\/yoast.com\/product\/yoast-seo-wordpress\/ -->\n<title>Legal information - AMGM<\/title>\n<meta name=\"robots\" content=\"index, follow, max-snippet:-1, max-image-preview:large, max-video-preview:-1\" \/>\n<link rel=\"canonical\" href=\"https:\/\/www.amgm43.com\/en\/legal-mentions\/\" \/>\n<meta property=\"og:locale\" content=\"en_US\" \/>\n<meta property=\"og:type\" content=\"article\" \/>\n<meta property=\"og:title\" content=\"Legal information - AMGM\" \/>\n<meta property=\"og:description\" content=\"1 &#8211; Editing the site In accordance with article 6 of the law n\u00b0 2004-575 of June 21, 2004 for the confidence in the digital economy, it is specified to the users of the website http:\/\/www.amgm43.com\/ the identity of the various participants in its realization and its follow-up: Owner of the site : Yvan ROBIN, [&hellip;]\" \/>\n<meta property=\"og:url\" content=\"https:\/\/www.amgm43.com\/en\/legal-mentions\/\" \/>\n<meta property=\"og:site_name\" content=\"AMGM\" \/>\n<meta property=\"article:modified_time\" content=\"2022-07-08T11:24:54+00:00\" \/>\n<meta name=\"twitter:card\" content=\"summary_large_image\" \/>\n<meta name=\"twitter:label1\" content=\"Est. reading time\" \/>\n\t<meta name=\"twitter:data1\" content=\"4 minutes\" \/>\n<script type=\"application\/ld+json\" class=\"yoast-schema-graph\">{\"@context\":\"https:\\\/\\\/schema.org\",\"@graph\":[{\"@type\":\"WebPage\",\"@id\":\"https:\\\/\\\/www.amgm43.com\\\/en\\\/legal-mentions\\\/\",\"url\":\"https:\\\/\\\/www.amgm43.com\\\/en\\\/legal-mentions\\\/\",\"name\":\"Legal information - AMGM\",\"isPartOf\":{\"@id\":\"https:\\\/\\\/www.amgm43.com\\\/en\\\/#website\"},\"datePublished\":\"2022-05-13T14:35:59+00:00\",\"dateModified\":\"2022-07-08T11:24:54+00:00\",\"breadcrumb\":{\"@id\":\"https:\\\/\\\/www.amgm43.com\\\/en\\\/legal-mentions\\\/#breadcrumb\"},\"inLanguage\":\"en-US\",\"potentialAction\":[{\"@type\":\"ReadAction\",\"target\":[\"https:\\\/\\\/www.amgm43.com\\\/en\\\/legal-mentions\\\/\"]}]},{\"@type\":\"BreadcrumbList\",\"@id\":\"https:\\\/\\\/www.amgm43.com\\\/en\\\/legal-mentions\\\/#breadcrumb\",\"itemListElement\":[{\"@type\":\"ListItem\",\"position\":1,\"name\":\"Accueil\",\"item\":\"https:\\\/\\\/www.amgm43.com\\\/en\\\/home\\\/\"},{\"@type\":\"ListItem\",\"position\":2,\"name\":\"Legal information\"}]},{\"@type\":\"WebSite\",\"@id\":\"https:\\\/\\\/www.amgm43.com\\\/en\\\/#website\",\"url\":\"https:\\\/\\\/www.amgm43.com\\\/en\\\/\",\"name\":\"AMGM\",\"description\":\"Entreprise de m\u00e9canique g\u00e9n\u00e9rale\",\"potentialAction\":[{\"@type\":\"SearchAction\",\"target\":{\"@type\":\"EntryPoint\",\"urlTemplate\":\"https:\\\/\\\/www.amgm43.com\\\/en\\\/?s={search_term_string}\"},\"query-input\":{\"@type\":\"PropertyValueSpecification\",\"valueRequired\":true,\"valueName\":\"search_term_string\"}}],\"inLanguage\":\"en-US\"}]}<\/script>\n<!-- \/ Yoast SEO plugin. -->","yoast_head_json":{"title":"Legal information - AMGM","robots":{"index":"index","follow":"follow","max-snippet":"max-snippet:-1","max-image-preview":"max-image-preview:large","max-video-preview":"max-video-preview:-1"},"canonical":"https:\/\/www.amgm43.com\/en\/legal-mentions\/","og_locale":"en_US","og_type":"article","og_title":"Legal information - AMGM","og_description":"1 &#8211; Editing the site In accordance with article 6 of the law n\u00b0 2004-575 of June 21, 2004 for the confidence in the digital economy, it is specified to the users of the website http:\/\/www.amgm43.com\/ the identity of the various participants in its realization and its follow-up: Owner of the site : Yvan ROBIN, [&hellip;]","og_url":"https:\/\/www.amgm43.com\/en\/legal-mentions\/","og_site_name":"AMGM","article_modified_time":"2022-07-08T11:24:54+00:00","twitter_card":"summary_large_image","twitter_misc":{"Est. reading time":"4 minutes"},"schema":{"@context":"https:\/\/schema.org","@graph":[{"@type":"WebPage","@id":"https:\/\/www.amgm43.com\/en\/legal-mentions\/","url":"https:\/\/www.amgm43.com\/en\/legal-mentions\/","name":"Legal information - AMGM","isPartOf":{"@id":"https:\/\/www.amgm43.com\/en\/#website"},"datePublished":"2022-05-13T14:35:59+00:00","dateModified":"2022-07-08T11:24:54+00:00","breadcrumb":{"@id":"https:\/\/www.amgm43.com\/en\/legal-mentions\/#breadcrumb"},"inLanguage":"en-US","potentialAction":[{"@type":"ReadAction","target":["https:\/\/www.amgm43.com\/en\/legal-mentions\/"]}]},{"@type":"BreadcrumbList","@id":"https:\/\/www.amgm43.com\/en\/legal-mentions\/#breadcrumb","itemListElement":[{"@type":"ListItem","position":1,"name":"Accueil","item":"https:\/\/www.amgm43.com\/en\/home\/"},{"@type":"ListItem","position":2,"name":"Legal information"}]},{"@type":"WebSite","@id":"https:\/\/www.amgm43.com\/en\/#website","url":"https:\/\/www.amgm43.com\/en\/","name":"AMGM","description":"Entreprise de m\u00e9canique g\u00e9n\u00e9rale","potentialAction":[{"@type":"SearchAction","target":{"@type":"EntryPoint","urlTemplate":"https:\/\/www.amgm43.com\/en\/?s={search_term_string}"},"query-input":{"@type":"PropertyValueSpecification","valueRequired":true,"valueName":"search_term_string"}}],"inLanguage":"en-US"}]}},"_links":{"self":[{"href":"https:\/\/www.amgm43.com\/en\/wp-json\/wp\/v2\/pages\/5591","targetHints":{"allow":["GET"]}}],"collection":[{"href":"https:\/\/www.amgm43.com\/en\/wp-json\/wp\/v2\/pages"}],"about":[{"href":"https:\/\/www.amgm43.com\/en\/wp-json\/wp\/v2\/types\/page"}],"author":[{"embeddable":true,"href":"https:\/\/www.amgm43.com\/en\/wp-json\/wp\/v2\/users\/1"}],"replies":[{"embeddable":true,"href":"https:\/\/www.amgm43.com\/en\/wp-json\/wp\/v2\/comments?post=5591"}],"version-history":[{"count":5,"href":"https:\/\/www.amgm43.com\/en\/wp-json\/wp\/v2\/pages\/5591\/revisions"}],"predecessor-version":[{"id":5653,"href":"https:\/\/www.amgm43.com\/en\/wp-json\/wp\/v2\/pages\/5591\/revisions\/5653"}],"wp:attachment":[{"href":"https:\/\/www.amgm43.com\/en\/wp-json\/wp\/v2\/media?parent=5591"}],"curies":[{"name":"wp","href":"https:\/\/api.w.org\/{rel}","templated":true}]}}