{"id":5576,"date":"2021-09-13T15:50:01","date_gmt":"2021-09-13T13:50:01","guid":{"rendered":"https:\/\/www.amgm43.com\/environment-our-commitments\/"},"modified":"2025-06-12T10:44:55","modified_gmt":"2025-06-12T08:44:55","slug":"environment-our-commitments","status":"publish","type":"page","link":"https:\/\/www.amgm43.com\/en\/environment-our-commitments\/","title":{"rendered":"Environment: our commitments"},"content":{"rendered":"","protected":false},"excerpt":{"rendered":"","protected":false},"author":1,"featured_media":0,"parent":0,"menu_order":0,"comment_status":"closed","ping_status":"closed","template":"","meta":{"footnotes":""},"class_list":["post-5576","page","type-page","status-publish","hentry"],"yoast_head":"<!-- This site is optimized with the Yoast SEO plugin v27.5 - https:\/\/yoast.com\/product\/yoast-seo-wordpress\/ -->\n<title>Our commitments to the environment - Atelier de M\u00e9canique G\u00e9n\u00e9rale<\/title>\n<meta name=\"description\" content=\"Involved in the protection of the environment, AMGM is in the process of obtaining ISO 14001 certification (environmental management system)\" \/>\n<meta name=\"robots\" content=\"index, follow, max-snippet:-1, max-image-preview:large, max-video-preview:-1\" \/>\n<link rel=\"canonical\" href=\"https:\/\/www.amgm43.com\/en\/environment-our-commitments\/\" \/>\n<meta property=\"og:locale\" content=\"en_US\" \/>\n<meta property=\"og:type\" content=\"article\" \/>\n<meta property=\"og:title\" content=\"Our commitments to the environment - Atelier de M\u00e9canique G\u00e9n\u00e9rale\" \/>\n<meta property=\"og:description\" content=\"Involved in the protection of the environment, AMGM is in the process of obtaining ISO 14001 certification (environmental management system)\" \/>\n<meta property=\"og:url\" content=\"https:\/\/www.amgm43.com\/en\/environment-our-commitments\/\" \/>\n<meta property=\"og:site_name\" content=\"AMGM\" \/>\n<meta property=\"article:modified_time\" content=\"2025-06-12T08:44:55+00:00\" \/>\n<meta name=\"twitter:card\" content=\"summary_large_image\" \/>\n<script type=\"application\/ld+json\" class=\"yoast-schema-graph\">{\"@context\":\"https:\\\/\\\/schema.org\",\"@graph\":[{\"@type\":\"WebPage\",\"@id\":\"https:\\\/\\\/www.amgm43.com\\\/en\\\/environment-our-commitments\\\/\",\"url\":\"https:\\\/\\\/www.amgm43.com\\\/en\\\/environment-our-commitments\\\/\",\"name\":\"Our commitments to the environment - Atelier de M\u00e9canique G\u00e9n\u00e9rale\",\"isPartOf\":{\"@id\":\"https:\\\/\\\/www.amgm43.com\\\/en\\\/#website\"},\"datePublished\":\"2021-09-13T13:50:01+00:00\",\"dateModified\":\"2025-06-12T08:44:55+00:00\",\"description\":\"Involved in the protection of the environment, AMGM is in the process of obtaining ISO 14001 certification (environmental management system)\",\"breadcrumb\":{\"@id\":\"https:\\\/\\\/www.amgm43.com\\\/en\\\/environment-our-commitments\\\/#breadcrumb\"},\"inLanguage\":\"en-US\",\"potentialAction\":[{\"@type\":\"ReadAction\",\"target\":[\"https:\\\/\\\/www.amgm43.com\\\/en\\\/environment-our-commitments\\\/\"]}]},{\"@type\":\"BreadcrumbList\",\"@id\":\"https:\\\/\\\/www.amgm43.com\\\/en\\\/environment-our-commitments\\\/#breadcrumb\",\"itemListElement\":[{\"@type\":\"ListItem\",\"position\":1,\"name\":\"Accueil\",\"item\":\"https:\\\/\\\/www.amgm43.com\\\/en\\\/home\\\/\"},{\"@type\":\"ListItem\",\"position\":2,\"name\":\"Environment: our commitments\"}]},{\"@type\":\"WebSite\",\"@id\":\"https:\\\/\\\/www.amgm43.com\\\/en\\\/#website\",\"url\":\"https:\\\/\\\/www.amgm43.com\\\/en\\\/\",\"name\":\"AMGM\",\"description\":\"Entreprise de m\u00e9canique g\u00e9n\u00e9rale\",\"potentialAction\":[{\"@type\":\"SearchAction\",\"target\":{\"@type\":\"EntryPoint\",\"urlTemplate\":\"https:\\\/\\\/www.amgm43.com\\\/en\\\/?s={search_term_string}\"},\"query-input\":{\"@type\":\"PropertyValueSpecification\",\"valueRequired\":true,\"valueName\":\"search_term_string\"}}],\"inLanguage\":\"en-US\"}]}<\/script>\n<!-- \/ Yoast SEO plugin. -->","yoast_head_json":{"title":"Our commitments to the environment - Atelier de M\u00e9canique G\u00e9n\u00e9rale","description":"Involved in the protection of the environment, AMGM is in the process of obtaining ISO 14001 certification (environmental management system)","robots":{"index":"index","follow":"follow","max-snippet":"max-snippet:-1","max-image-preview":"max-image-preview:large","max-video-preview":"max-video-preview:-1"},"canonical":"https:\/\/www.amgm43.com\/en\/environment-our-commitments\/","og_locale":"en_US","og_type":"article","og_title":"Our commitments to the environment - Atelier de M\u00e9canique G\u00e9n\u00e9rale","og_description":"Involved in the protection of the environment, AMGM is in the process of obtaining ISO 14001 certification (environmental management system)","og_url":"https:\/\/www.amgm43.com\/en\/environment-our-commitments\/","og_site_name":"AMGM","article_modified_time":"2025-06-12T08:44:55+00:00","twitter_card":"summary_large_image","schema":{"@context":"https:\/\/schema.org","@graph":[{"@type":"WebPage","@id":"https:\/\/www.amgm43.com\/en\/environment-our-commitments\/","url":"https:\/\/www.amgm43.com\/en\/environment-our-commitments\/","name":"Our commitments to the environment - Atelier de M\u00e9canique G\u00e9n\u00e9rale","isPartOf":{"@id":"https:\/\/www.amgm43.com\/en\/#website"},"datePublished":"2021-09-13T13:50:01+00:00","dateModified":"2025-06-12T08:44:55+00:00","description":"Involved in the protection of the environment, AMGM is in the process of obtaining ISO 14001 certification (environmental management system)","breadcrumb":{"@id":"https:\/\/www.amgm43.com\/en\/environment-our-commitments\/#breadcrumb"},"inLanguage":"en-US","potentialAction":[{"@type":"ReadAction","target":["https:\/\/www.amgm43.com\/en\/environment-our-commitments\/"]}]},{"@type":"BreadcrumbList","@id":"https:\/\/www.amgm43.com\/en\/environment-our-commitments\/#breadcrumb","itemListElement":[{"@type":"ListItem","position":1,"name":"Accueil","item":"https:\/\/www.amgm43.com\/en\/home\/"},{"@type":"ListItem","position":2,"name":"Environment: our commitments"}]},{"@type":"WebSite","@id":"https:\/\/www.amgm43.com\/en\/#website","url":"https:\/\/www.amgm43.com\/en\/","name":"AMGM","description":"Entreprise de m\u00e9canique g\u00e9n\u00e9rale","potentialAction":[{"@type":"SearchAction","target":{"@type":"EntryPoint","urlTemplate":"https:\/\/www.amgm43.com\/en\/?s={search_term_string}"},"query-input":{"@type":"PropertyValueSpecification","valueRequired":true,"valueName":"search_term_string"}}],"inLanguage":"en-US"}]}},"_links":{"self":[{"href":"https:\/\/www.amgm43.com\/en\/wp-json\/wp\/v2\/pages\/5576","targetHints":{"allow":["GET"]}}],"collection":[{"href":"https:\/\/www.amgm43.com\/en\/wp-json\/wp\/v2\/pages"}],"about":[{"href":"https:\/\/www.amgm43.com\/en\/wp-json\/wp\/v2\/types\/page"}],"author":[{"embeddable":true,"href":"https:\/\/www.amgm43.com\/en\/wp-json\/wp\/v2\/users\/1"}],"replies":[{"embeddable":true,"href":"https:\/\/www.amgm43.com\/en\/wp-json\/wp\/v2\/comments?post=5576"}],"version-history":[{"count":1,"href":"https:\/\/www.amgm43.com\/en\/wp-json\/wp\/v2\/pages\/5576\/revisions"}],"predecessor-version":[{"id":5696,"href":"https:\/\/www.amgm43.com\/en\/wp-json\/wp\/v2\/pages\/5576\/revisions\/5696"}],"wp:attachment":[{"href":"https:\/\/www.amgm43.com\/en\/wp-json\/wp\/v2\/media?parent=5576"}],"curies":[{"name":"wp","href":"https:\/\/api.w.org\/{rel}","templated":true}]}}